{"id":1095,"date":"2023-12-28T11:17:55","date_gmt":"2023-12-28T09:17:55","guid":{"rendered":"https:\/\/zown.ee\/?post_type=product&#038;p=1095"},"modified":"2024-01-31T14:50:50","modified_gmt":"2024-01-31T12:50:50","slug":"zown-kokkupandav-laud-240-x-76-cm","status":"publish","type":"product","link":"https:\/\/zown.ee\/fi\/toode\/zown-kokkupandav-laud-240-x-76-cm\/","title":{"rendered":"Zown kokkupandav laud 240 x 76 cm"},"content":{"rendered":"","protected":false},"excerpt":{"rendered":"<ul>\n<li>Zown XL240 kokkupandav laud<\/li>\n<li>Laua m\u00f5\u00f5tmed: 240 x 76 x h74 cm<\/li>\n<li>Lauaplaadi paksus 50,8 mm<\/li>\n<li>Kandev\u00f5ime 350 kg<\/li>\n<li>Garantii 10 aastat!<\/li>\n<li>Praktiline ja kompaktne &#8211; lihtne ladustada ja transportida.<\/li>\n<li>Pakend: 247,3 x 78 x 7,1 cm<\/li>\n<li>Pakendi kaal 22 kg<\/li>\n<\/ul>\n<p>&nbsp;<\/p>\n","protected":false},"featured_media":1141,"template":"","meta":[],"product_cat":[19,48],"product_tag":[],"class_list":{"0":"post-1095","1":"product","2":"type-product","3":"status-publish","4":"has-post-thumbnail","6":"product_cat-lauad","7":"product_cat-kandilised-lauad","9":"first","10":"instock","11":"sale","12":"taxable","13":"shipping-taxable","14":"product-type-simple"},"yoast_head":"<!-- This site is optimized with the Yoast SEO plugin v22.8 - https:\/\/yoast.com\/wordpress\/plugins\/seo\/ -->\n<title>Zown kokkupandav laud 240 x 76 cm - Zown.ee<\/title>\n<meta name=\"robots\" content=\"index, follow, max-snippet:-1, max-image-preview:large, max-video-preview:-1\" \/>\n<link rel=\"canonical\" href=\"https:\/\/zown.ee\/fi\/toode\/zown-kokkupandav-laud-240-x-76-cm\/\" \/>\n<meta property=\"og:locale\" content=\"fi_FI\" \/>\n<meta property=\"og:type\" content=\"article\" \/>\n<meta property=\"og:title\" content=\"Zown kokkupandav laud 240 x 76 cm - Zown.ee\" \/>\n<meta property=\"og:description\" content=\"Zown XL240 kokkupandav laud  Laua m\u00f5\u00f5tmed: 240 x 76 x h74 cm  Lauaplaadi paksus 50,8 mm  Kandev\u00f5ime 350 kg  Garantii 10 aastat!  Praktiline ja kompaktne - lihtne ladustada ja transportida.  Pakend: 247,3 x 78 x 7,1 cm  Pakendi kaal 22 kg  &nbsp;\" \/>\n<meta property=\"og:url\" content=\"https:\/\/zown.ee\/fi\/toode\/zown-kokkupandav-laud-240-x-76-cm\/\" \/>\n<meta property=\"og:site_name\" content=\"Zown.ee\" \/>\n<meta property=\"article:modified_time\" content=\"2024-01-31T12:50:50+00:00\" \/>\n<meta property=\"og:image\" content=\"https:\/\/zown.ee\/wp-content\/uploads\/2023\/12\/zown240x91laud.jpg\" \/>\n\t<meta property=\"og:image:width\" content=\"1000\" \/>\n\t<meta property=\"og:image:height\" content=\"1000\" \/>\n\t<meta property=\"og:image:type\" content=\"image\/jpeg\" \/>\n<meta name=\"twitter:card\" content=\"summary_large_image\" \/>\n<meta name=\"twitter:label1\" content=\"Arvioitu lukuaika\" \/>\n\t<meta name=\"twitter:data1\" content=\"1 minuutti\" \/>\n<script type=\"application\/ld+json\" class=\"yoast-schema-graph\">{\"@context\":\"https:\/\/schema.org\",\"@graph\":[{\"@type\":\"WebPage\",\"@id\":\"https:\/\/zown.ee\/fi\/toode\/zown-kokkupandav-laud-240-x-76-cm\/\",\"url\":\"https:\/\/zown.ee\/fi\/toode\/zown-kokkupandav-laud-240-x-76-cm\/\",\"name\":\"Zown kokkupandav laud 240 x 76 cm - Zown.ee\",\"isPartOf\":{\"@id\":\"https:\/\/zown.ee\/fi\/#website\"},\"primaryImageOfPage\":{\"@id\":\"https:\/\/zown.ee\/fi\/toode\/zown-kokkupandav-laud-240-x-76-cm\/#primaryimage\"},\"image\":{\"@id\":\"https:\/\/zown.ee\/fi\/toode\/zown-kokkupandav-laud-240-x-76-cm\/#primaryimage\"},\"thumbnailUrl\":\"https:\/\/zown.ee\/wp-content\/uploads\/2023\/12\/zown240x91laud.jpg\",\"datePublished\":\"2023-12-28T09:17:55+00:00\",\"dateModified\":\"2024-01-31T12:50:50+00:00\",\"breadcrumb\":{\"@id\":\"https:\/\/zown.ee\/fi\/toode\/zown-kokkupandav-laud-240-x-76-cm\/#breadcrumb\"},\"inLanguage\":\"fi\",\"potentialAction\":[{\"@type\":\"ReadAction\",\"target\":[\"https:\/\/zown.ee\/fi\/toode\/zown-kokkupandav-laud-240-x-76-cm\/\"]}]},{\"@type\":\"ImageObject\",\"inLanguage\":\"fi\",\"@id\":\"https:\/\/zown.ee\/fi\/toode\/zown-kokkupandav-laud-240-x-76-cm\/#primaryimage\",\"url\":\"https:\/\/zown.ee\/wp-content\/uploads\/2023\/12\/zown240x91laud.jpg\",\"contentUrl\":\"https:\/\/zown.ee\/wp-content\/uploads\/2023\/12\/zown240x91laud.jpg\",\"width\":1000,\"height\":1000},{\"@type\":\"BreadcrumbList\",\"@id\":\"https:\/\/zown.ee\/fi\/toode\/zown-kokkupandav-laud-240-x-76-cm\/#breadcrumb\",\"itemListElement\":[{\"@type\":\"ListItem\",\"position\":1,\"name\":\"Home\",\"item\":\"https:\/\/zown.ee\/fi\/\"},{\"@type\":\"ListItem\",\"position\":2,\"name\":\"Zown Collection\",\"item\":\"https:\/\/zown.ee\/fi\/zown-collection\/\"},{\"@type\":\"ListItem\",\"position\":3,\"name\":\"Zown kokkupandav laud 240 x 76 cm\"}]},{\"@type\":\"WebSite\",\"@id\":\"https:\/\/zown.ee\/fi\/#website\",\"url\":\"https:\/\/zown.ee\/fi\/\",\"name\":\"Zown.ee\",\"description\":\"Premium klassi kokkupandav m\u00f6\u00f6bel\",\"potentialAction\":[{\"@type\":\"SearchAction\",\"target\":{\"@type\":\"EntryPoint\",\"urlTemplate\":\"https:\/\/zown.ee\/fi\/?s={search_term_string}\"},\"query-input\":\"required name=search_term_string\"}],\"inLanguage\":\"fi\"}]}<\/script>\n<!-- \/ Yoast SEO plugin. -->","yoast_head_json":{"title":"Zown kokkupandav laud 240 x 76 cm - Zown.ee","robots":{"index":"index","follow":"follow","max-snippet":"max-snippet:-1","max-image-preview":"max-image-preview:large","max-video-preview":"max-video-preview:-1"},"canonical":"https:\/\/zown.ee\/fi\/toode\/zown-kokkupandav-laud-240-x-76-cm\/","og_locale":"fi_FI","og_type":"article","og_title":"Zown kokkupandav laud 240 x 76 cm - Zown.ee","og_description":"Zown XL240 kokkupandav laud  Laua m\u00f5\u00f5tmed: 240 x 76 x h74 cm  Lauaplaadi paksus 50,8 mm  Kandev\u00f5ime 350 kg  Garantii 10 aastat!  Praktiline ja kompaktne - lihtne ladustada ja transportida.  Pakend: 247,3 x 78 x 7,1 cm  Pakendi kaal 22 kg  &nbsp;","og_url":"https:\/\/zown.ee\/fi\/toode\/zown-kokkupandav-laud-240-x-76-cm\/","og_site_name":"Zown.ee","article_modified_time":"2024-01-31T12:50:50+00:00","og_image":[{"width":1000,"height":1000,"url":"https:\/\/zown.ee\/wp-content\/uploads\/2023\/12\/zown240x91laud.jpg","type":"image\/jpeg"}],"twitter_card":"summary_large_image","twitter_misc":{"Arvioitu lukuaika":"1 minuutti"},"schema":{"@context":"https:\/\/schema.org","@graph":[{"@type":"WebPage","@id":"https:\/\/zown.ee\/fi\/toode\/zown-kokkupandav-laud-240-x-76-cm\/","url":"https:\/\/zown.ee\/fi\/toode\/zown-kokkupandav-laud-240-x-76-cm\/","name":"Zown kokkupandav laud 240 x 76 cm - Zown.ee","isPartOf":{"@id":"https:\/\/zown.ee\/fi\/#website"},"primaryImageOfPage":{"@id":"https:\/\/zown.ee\/fi\/toode\/zown-kokkupandav-laud-240-x-76-cm\/#primaryimage"},"image":{"@id":"https:\/\/zown.ee\/fi\/toode\/zown-kokkupandav-laud-240-x-76-cm\/#primaryimage"},"thumbnailUrl":"https:\/\/zown.ee\/wp-content\/uploads\/2023\/12\/zown240x91laud.jpg","datePublished":"2023-12-28T09:17:55+00:00","dateModified":"2024-01-31T12:50:50+00:00","breadcrumb":{"@id":"https:\/\/zown.ee\/fi\/toode\/zown-kokkupandav-laud-240-x-76-cm\/#breadcrumb"},"inLanguage":"fi","potentialAction":[{"@type":"ReadAction","target":["https:\/\/zown.ee\/fi\/toode\/zown-kokkupandav-laud-240-x-76-cm\/"]}]},{"@type":"ImageObject","inLanguage":"fi","@id":"https:\/\/zown.ee\/fi\/toode\/zown-kokkupandav-laud-240-x-76-cm\/#primaryimage","url":"https:\/\/zown.ee\/wp-content\/uploads\/2023\/12\/zown240x91laud.jpg","contentUrl":"https:\/\/zown.ee\/wp-content\/uploads\/2023\/12\/zown240x91laud.jpg","width":1000,"height":1000},{"@type":"BreadcrumbList","@id":"https:\/\/zown.ee\/fi\/toode\/zown-kokkupandav-laud-240-x-76-cm\/#breadcrumb","itemListElement":[{"@type":"ListItem","position":1,"name":"Home","item":"https:\/\/zown.ee\/fi\/"},{"@type":"ListItem","position":2,"name":"Zown Collection","item":"https:\/\/zown.ee\/fi\/zown-collection\/"},{"@type":"ListItem","position":3,"name":"Zown kokkupandav laud 240 x 76 cm"}]},{"@type":"WebSite","@id":"https:\/\/zown.ee\/fi\/#website","url":"https:\/\/zown.ee\/fi\/","name":"Zown.ee","description":"Premium klassi kokkupandav m\u00f6\u00f6bel","potentialAction":[{"@type":"SearchAction","target":{"@type":"EntryPoint","urlTemplate":"https:\/\/zown.ee\/fi\/?s={search_term_string}"},"query-input":"required name=search_term_string"}],"inLanguage":"fi"}]}},"jetpack_sharing_enabled":true,"_links":{"self":[{"href":"https:\/\/zown.ee\/fi\/wp-json\/wp\/v2\/product\/1095"}],"collection":[{"href":"https:\/\/zown.ee\/fi\/wp-json\/wp\/v2\/product"}],"about":[{"href":"https:\/\/zown.ee\/fi\/wp-json\/wp\/v2\/types\/product"}],"wp:featuredmedia":[{"embeddable":true,"href":"https:\/\/zown.ee\/fi\/wp-json\/wp\/v2\/media\/1141"}],"wp:attachment":[{"href":"https:\/\/zown.ee\/fi\/wp-json\/wp\/v2\/media?parent=1095"}],"wp:term":[{"taxonomy":"product_cat","embeddable":true,"href":"https:\/\/zown.ee\/fi\/wp-json\/wp\/v2\/product_cat?post=1095"},{"taxonomy":"product_tag","embeddable":true,"href":"https:\/\/zown.ee\/fi\/wp-json\/wp\/v2\/product_tag?post=1095"}],"curies":[{"name":"wp","href":"https:\/\/api.w.org\/{rel}","templated":true}]}}