{"id":1107,"date":"2023-12-28T11:17:56","date_gmt":"2023-12-28T09:17:56","guid":{"rendered":"https:\/\/zown.ee\/?post_type=product&#038;p=1107"},"modified":"2024-01-31T14:49:28","modified_gmt":"2024-01-31T12:49:28","slug":"zown-kokkupandav-laud-240x91","status":"publish","type":"product","link":"https:\/\/zown.ee\/fi\/toode\/zown-kokkupandav-laud-240x91\/","title":{"rendered":"Zown kokkupandav laud 240&#215;91"},"content":{"rendered":"","protected":false},"excerpt":{"rendered":"<ul>\n<li><strong>XXL240 kokkupandav laud<\/strong><\/li>\n<li>Kaal <strong>25.3 kg<\/strong><\/li>\n<li>Laua plaadi paksus 45 mm<\/li>\n<li>M\u00f5\u00f5dud: <strong>240 x 91.4 x h74.3 cm<\/strong><\/li>\n<li>Lauad, mida saab liita pikisuunaliselt ja mis annab omakorda juurde vastupidavust.<\/li>\n<li>Mahutavus 8 inimest<\/li>\n<li>Maksimum kandev\u00f5ime 453 Kg<\/li>\n<li>Pakendi m\u00f5\u00f5tmed 243 x 94 x 7 cm<\/li>\n<li>Pakendi kaal 28,4 kg<\/li>\n<li>Garantii kuni 10 aastat!<\/li>\n<\/ul>\n","protected":false},"featured_media":1141,"template":"","meta":[],"product_cat":[19,48],"product_tag":[],"class_list":{"0":"post-1107","1":"product","2":"type-product","3":"status-publish","4":"has-post-thumbnail","6":"product_cat-lauad","7":"product_cat-kandilised-lauad","9":"first","10":"instock","11":"taxable","12":"shipping-taxable","13":"product-type-simple"},"yoast_head":"<!-- This site is optimized with the Yoast SEO plugin v22.8 - https:\/\/yoast.com\/wordpress\/plugins\/seo\/ -->\n<title>Zown kokkupandav laud 240x91 - Zown.ee<\/title>\n<meta name=\"robots\" content=\"index, follow, max-snippet:-1, max-image-preview:large, max-video-preview:-1\" \/>\n<link rel=\"canonical\" href=\"https:\/\/zown.ee\/fi\/toode\/zown-kokkupandav-laud-240x91\/\" \/>\n<meta property=\"og:locale\" content=\"fi_FI\" \/>\n<meta property=\"og:type\" content=\"article\" \/>\n<meta property=\"og:title\" content=\"Zown kokkupandav laud 240x91 - Zown.ee\" \/>\n<meta property=\"og:description\" content=\"XXL240 kokkupandav laud  Kaal 25.3 kg  Laua plaadi paksus 45 mm  M\u00f5\u00f5dud: 240 x 91.4 x h74.3 cm  Lauad, mida saab liita pikisuunaliselt ja mis annab omakorda juurde vastupidavust.  Mahutavus 8 inimest  Maksimum kandev\u00f5ime 453 Kg  Pakendi m\u00f5\u00f5tmed 243 x 94 x 7 cm  Pakendi kaal 28,4 kg  Garantii kuni 10 aastat!\" \/>\n<meta property=\"og:url\" content=\"https:\/\/zown.ee\/fi\/toode\/zown-kokkupandav-laud-240x91\/\" \/>\n<meta property=\"og:site_name\" content=\"Zown.ee\" \/>\n<meta property=\"article:modified_time\" content=\"2024-01-31T12:49:28+00:00\" \/>\n<meta property=\"og:image\" content=\"https:\/\/zown.ee\/wp-content\/uploads\/2023\/12\/zown240x91laud.jpg\" \/>\n\t<meta property=\"og:image:width\" content=\"1000\" \/>\n\t<meta property=\"og:image:height\" content=\"1000\" \/>\n\t<meta property=\"og:image:type\" content=\"image\/jpeg\" \/>\n<meta name=\"twitter:card\" content=\"summary_large_image\" \/>\n<meta name=\"twitter:label1\" content=\"Arvioitu lukuaika\" \/>\n\t<meta name=\"twitter:data1\" content=\"1 minuutti\" \/>\n<script type=\"application\/ld+json\" class=\"yoast-schema-graph\">{\"@context\":\"https:\/\/schema.org\",\"@graph\":[{\"@type\":\"WebPage\",\"@id\":\"https:\/\/zown.ee\/fi\/toode\/zown-kokkupandav-laud-240x91\/\",\"url\":\"https:\/\/zown.ee\/fi\/toode\/zown-kokkupandav-laud-240x91\/\",\"name\":\"Zown kokkupandav laud 240x91 - Zown.ee\",\"isPartOf\":{\"@id\":\"https:\/\/zown.ee\/fi\/#website\"},\"primaryImageOfPage\":{\"@id\":\"https:\/\/zown.ee\/fi\/toode\/zown-kokkupandav-laud-240x91\/#primaryimage\"},\"image\":{\"@id\":\"https:\/\/zown.ee\/fi\/toode\/zown-kokkupandav-laud-240x91\/#primaryimage\"},\"thumbnailUrl\":\"https:\/\/zown.ee\/wp-content\/uploads\/2023\/12\/zown240x91laud.jpg\",\"datePublished\":\"2023-12-28T09:17:56+00:00\",\"dateModified\":\"2024-01-31T12:49:28+00:00\",\"breadcrumb\":{\"@id\":\"https:\/\/zown.ee\/fi\/toode\/zown-kokkupandav-laud-240x91\/#breadcrumb\"},\"inLanguage\":\"fi\",\"potentialAction\":[{\"@type\":\"ReadAction\",\"target\":[\"https:\/\/zown.ee\/fi\/toode\/zown-kokkupandav-laud-240x91\/\"]}]},{\"@type\":\"ImageObject\",\"inLanguage\":\"fi\",\"@id\":\"https:\/\/zown.ee\/fi\/toode\/zown-kokkupandav-laud-240x91\/#primaryimage\",\"url\":\"https:\/\/zown.ee\/wp-content\/uploads\/2023\/12\/zown240x91laud.jpg\",\"contentUrl\":\"https:\/\/zown.ee\/wp-content\/uploads\/2023\/12\/zown240x91laud.jpg\",\"width\":1000,\"height\":1000},{\"@type\":\"BreadcrumbList\",\"@id\":\"https:\/\/zown.ee\/fi\/toode\/zown-kokkupandav-laud-240x91\/#breadcrumb\",\"itemListElement\":[{\"@type\":\"ListItem\",\"position\":1,\"name\":\"Home\",\"item\":\"https:\/\/zown.ee\/fi\/\"},{\"@type\":\"ListItem\",\"position\":2,\"name\":\"Zown Collection\",\"item\":\"https:\/\/zown.ee\/fi\/zown-collection\/\"},{\"@type\":\"ListItem\",\"position\":3,\"name\":\"Zown kokkupandav laud 240&#215;91\"}]},{\"@type\":\"WebSite\",\"@id\":\"https:\/\/zown.ee\/fi\/#website\",\"url\":\"https:\/\/zown.ee\/fi\/\",\"name\":\"Zown.ee\",\"description\":\"Premium klassi kokkupandav m\u00f6\u00f6bel\",\"potentialAction\":[{\"@type\":\"SearchAction\",\"target\":{\"@type\":\"EntryPoint\",\"urlTemplate\":\"https:\/\/zown.ee\/fi\/?s={search_term_string}\"},\"query-input\":\"required name=search_term_string\"}],\"inLanguage\":\"fi\"}]}<\/script>\n<!-- \/ Yoast SEO plugin. -->","yoast_head_json":{"title":"Zown kokkupandav laud 240x91 - Zown.ee","robots":{"index":"index","follow":"follow","max-snippet":"max-snippet:-1","max-image-preview":"max-image-preview:large","max-video-preview":"max-video-preview:-1"},"canonical":"https:\/\/zown.ee\/fi\/toode\/zown-kokkupandav-laud-240x91\/","og_locale":"fi_FI","og_type":"article","og_title":"Zown kokkupandav laud 240x91 - Zown.ee","og_description":"XXL240 kokkupandav laud  Kaal 25.3 kg  Laua plaadi paksus 45 mm  M\u00f5\u00f5dud: 240 x 91.4 x h74.3 cm  Lauad, mida saab liita pikisuunaliselt ja mis annab omakorda juurde vastupidavust.  Mahutavus 8 inimest  Maksimum kandev\u00f5ime 453 Kg  Pakendi m\u00f5\u00f5tmed 243 x 94 x 7 cm  Pakendi kaal 28,4 kg  Garantii kuni 10 aastat!","og_url":"https:\/\/zown.ee\/fi\/toode\/zown-kokkupandav-laud-240x91\/","og_site_name":"Zown.ee","article_modified_time":"2024-01-31T12:49:28+00:00","og_image":[{"width":1000,"height":1000,"url":"https:\/\/zown.ee\/wp-content\/uploads\/2023\/12\/zown240x91laud.jpg","type":"image\/jpeg"}],"twitter_card":"summary_large_image","twitter_misc":{"Arvioitu lukuaika":"1 minuutti"},"schema":{"@context":"https:\/\/schema.org","@graph":[{"@type":"WebPage","@id":"https:\/\/zown.ee\/fi\/toode\/zown-kokkupandav-laud-240x91\/","url":"https:\/\/zown.ee\/fi\/toode\/zown-kokkupandav-laud-240x91\/","name":"Zown kokkupandav laud 240x91 - Zown.ee","isPartOf":{"@id":"https:\/\/zown.ee\/fi\/#website"},"primaryImageOfPage":{"@id":"https:\/\/zown.ee\/fi\/toode\/zown-kokkupandav-laud-240x91\/#primaryimage"},"image":{"@id":"https:\/\/zown.ee\/fi\/toode\/zown-kokkupandav-laud-240x91\/#primaryimage"},"thumbnailUrl":"https:\/\/zown.ee\/wp-content\/uploads\/2023\/12\/zown240x91laud.jpg","datePublished":"2023-12-28T09:17:56+00:00","dateModified":"2024-01-31T12:49:28+00:00","breadcrumb":{"@id":"https:\/\/zown.ee\/fi\/toode\/zown-kokkupandav-laud-240x91\/#breadcrumb"},"inLanguage":"fi","potentialAction":[{"@type":"ReadAction","target":["https:\/\/zown.ee\/fi\/toode\/zown-kokkupandav-laud-240x91\/"]}]},{"@type":"ImageObject","inLanguage":"fi","@id":"https:\/\/zown.ee\/fi\/toode\/zown-kokkupandav-laud-240x91\/#primaryimage","url":"https:\/\/zown.ee\/wp-content\/uploads\/2023\/12\/zown240x91laud.jpg","contentUrl":"https:\/\/zown.ee\/wp-content\/uploads\/2023\/12\/zown240x91laud.jpg","width":1000,"height":1000},{"@type":"BreadcrumbList","@id":"https:\/\/zown.ee\/fi\/toode\/zown-kokkupandav-laud-240x91\/#breadcrumb","itemListElement":[{"@type":"ListItem","position":1,"name":"Home","item":"https:\/\/zown.ee\/fi\/"},{"@type":"ListItem","position":2,"name":"Zown Collection","item":"https:\/\/zown.ee\/fi\/zown-collection\/"},{"@type":"ListItem","position":3,"name":"Zown kokkupandav laud 240&#215;91"}]},{"@type":"WebSite","@id":"https:\/\/zown.ee\/fi\/#website","url":"https:\/\/zown.ee\/fi\/","name":"Zown.ee","description":"Premium klassi kokkupandav m\u00f6\u00f6bel","potentialAction":[{"@type":"SearchAction","target":{"@type":"EntryPoint","urlTemplate":"https:\/\/zown.ee\/fi\/?s={search_term_string}"},"query-input":"required name=search_term_string"}],"inLanguage":"fi"}]}},"jetpack_sharing_enabled":true,"_links":{"self":[{"href":"https:\/\/zown.ee\/fi\/wp-json\/wp\/v2\/product\/1107"}],"collection":[{"href":"https:\/\/zown.ee\/fi\/wp-json\/wp\/v2\/product"}],"about":[{"href":"https:\/\/zown.ee\/fi\/wp-json\/wp\/v2\/types\/product"}],"wp:featuredmedia":[{"embeddable":true,"href":"https:\/\/zown.ee\/fi\/wp-json\/wp\/v2\/media\/1141"}],"wp:attachment":[{"href":"https:\/\/zown.ee\/fi\/wp-json\/wp\/v2\/media?parent=1107"}],"wp:term":[{"taxonomy":"product_cat","embeddable":true,"href":"https:\/\/zown.ee\/fi\/wp-json\/wp\/v2\/product_cat?post=1107"},{"taxonomy":"product_tag","embeddable":true,"href":"https:\/\/zown.ee\/fi\/wp-json\/wp\/v2\/product_tag?post=1107"}],"curies":[{"name":"wp","href":"https:\/\/api.w.org\/{rel}","templated":true}]}}