{"id":1110,"date":"2023-12-28T11:17:56","date_gmt":"2023-12-28T09:17:56","guid":{"rendered":"https:\/\/zown.ee\/?post_type=product&#038;p=1110"},"modified":"2024-02-26T12:59:47","modified_gmt":"2024-02-26T10:59:47","slug":"klapptool-norman","status":"publish","type":"product","link":"https:\/\/zown.ee\/fi\/toode\/klapptool-norman\/","title":{"rendered":"Klapptool Norman"},"content":{"rendered":"","protected":false},"excerpt":{"rendered":"<ul>\n<li>Vali kvaliteet, mis kestab!<\/li>\n<li><strong>Zown Norman klapptool<\/strong><\/li>\n<li>Mugav klapptool on ehitatud inimese keha j\u00e4rgi<\/li>\n<li>See kokkupandav tool on \u00e4\u00e4rmiselt tugeva ehitusega ning vastupidav<\/li>\n<li>Kandev\u00f5ime 272 kg<\/li>\n<li>Garantii 5 aastat!<\/li>\n<li>Kaal: 4,8 kg<\/li>\n<li>N\u00f5gus seljatugi ja jalgu toetav istumisplaat muudavad toolil istumise \u00e4\u00e4rmiselt mugavaks<\/li>\n<li>Seljatoel paiknev k\u00e4epide h\u00f5lbustab transportimist<\/li>\n<li>N\u00f5gus plaat juhib vihmavee maha, mist\u00f5ttu ei j\u00e4\u00e4 plaadile loiku<\/li>\n<li><strong>Klapptool on \u00e4\u00e4rmiselt tugeva ehitusega ning vastupidav, kuna plaadi paksus on 5cm (2 korda rohkem kui tavalisel Hiina p\u00e4ritoluga klapptoolil)<\/strong><\/li>\n<li>Pakendi m\u00f5\u00f5tmed: 115 x 49 x 32 cm<\/li>\n<li>Pakendi kaal: 24kg<\/li>\n<\/ul>\n<p><img loading=\"lazy\" decoding=\"async\" class=\"\" src=\"https:\/\/i.gyazo.com\/7e831090d99cf56f04b20f21327b839f.png\" width=\"434\" height=\"85\" \/><\/p>\n","protected":false},"featured_media":1208,"template":"","meta":[],"product_cat":[32],"product_tag":[],"class_list":{"0":"post-1110","1":"product","2":"type-product","3":"status-publish","4":"has-post-thumbnail","6":"product_cat-toolid","8":"first","9":"instock","10":"sale","11":"taxable","12":"shipping-taxable","13":"product-type-simple"},"yoast_head":"<!-- This site is optimized with the Yoast SEO plugin v22.8 - https:\/\/yoast.com\/wordpress\/plugins\/seo\/ -->\n<title>Klapptool Norman - Zown.ee<\/title>\n<meta name=\"robots\" content=\"index, follow, max-snippet:-1, max-image-preview:large, max-video-preview:-1\" \/>\n<link rel=\"canonical\" href=\"https:\/\/zown.ee\/fi\/toode\/klapptool-norman\/\" \/>\n<meta property=\"og:locale\" content=\"fi_FI\" \/>\n<meta property=\"og:type\" content=\"article\" \/>\n<meta property=\"og:title\" content=\"Klapptool Norman - Zown.ee\" \/>\n<meta property=\"og:description\" content=\"Vali kvaliteet, mis kestab!  Zown Norman klapptool  Mugav klapptool on ehitatud inimese keha j\u00e4rgi  See kokkupandav tool on \u00e4\u00e4rmiselt tugeva ehitusega ning vastupidav  Kandev\u00f5ime 272 kg  Garantii 5 aastat!  Kaal: 4,8 kg  N\u00f5gus seljatugi ja jalgu toetav istumisplaat muudavad toolil istumise \u00e4\u00e4rmiselt mugavaks  Seljatoel paiknev k\u00e4epide h\u00f5lbustab transportimist  N\u00f5gus plaat juhib vihmavee maha, mist\u00f5ttu ei j\u00e4\u00e4 plaadile loiku  Klapptool on \u00e4\u00e4rmiselt tugeva ehitusega ning vastupidav, kuna plaadi paksus on 5cm (2 korda rohkem kui tavalisel Hiina p\u00e4ritoluga klapptoolil)  Pakendi m\u00f5\u00f5tmed: 115 x 49 x 32 cm  Pakendi kaal: 24kg\" \/>\n<meta property=\"og:url\" content=\"https:\/\/zown.ee\/fi\/toode\/klapptool-norman\/\" \/>\n<meta property=\"og:site_name\" content=\"Zown.ee\" \/>\n<meta property=\"article:modified_time\" content=\"2024-02-26T10:59:47+00:00\" \/>\n<meta property=\"og:image\" content=\"https:\/\/zown.ee\/wp-content\/uploads\/2023\/12\/klapptoolide-muuk.jpg\" \/>\n\t<meta property=\"og:image:width\" content=\"1181\" \/>\n\t<meta property=\"og:image:height\" content=\"1302\" \/>\n\t<meta property=\"og:image:type\" content=\"image\/jpeg\" \/>\n<meta name=\"twitter:card\" content=\"summary_large_image\" \/>\n<meta name=\"twitter:label1\" content=\"Arvioitu lukuaika\" \/>\n\t<meta name=\"twitter:data1\" content=\"1 minuutti\" \/>\n<script type=\"application\/ld+json\" class=\"yoast-schema-graph\">{\"@context\":\"https:\/\/schema.org\",\"@graph\":[{\"@type\":\"WebPage\",\"@id\":\"https:\/\/zown.ee\/fi\/toode\/klapptool-norman\/\",\"url\":\"https:\/\/zown.ee\/fi\/toode\/klapptool-norman\/\",\"name\":\"Klapptool Norman - Zown.ee\",\"isPartOf\":{\"@id\":\"https:\/\/zown.ee\/fi\/#website\"},\"primaryImageOfPage\":{\"@id\":\"https:\/\/zown.ee\/fi\/toode\/klapptool-norman\/#primaryimage\"},\"image\":{\"@id\":\"https:\/\/zown.ee\/fi\/toode\/klapptool-norman\/#primaryimage\"},\"thumbnailUrl\":\"https:\/\/zown.ee\/wp-content\/uploads\/2023\/12\/klapptoolide-muuk.jpg\",\"datePublished\":\"2023-12-28T09:17:56+00:00\",\"dateModified\":\"2024-02-26T10:59:47+00:00\",\"breadcrumb\":{\"@id\":\"https:\/\/zown.ee\/fi\/toode\/klapptool-norman\/#breadcrumb\"},\"inLanguage\":\"fi\",\"potentialAction\":[{\"@type\":\"ReadAction\",\"target\":[\"https:\/\/zown.ee\/fi\/toode\/klapptool-norman\/\"]}]},{\"@type\":\"ImageObject\",\"inLanguage\":\"fi\",\"@id\":\"https:\/\/zown.ee\/fi\/toode\/klapptool-norman\/#primaryimage\",\"url\":\"https:\/\/zown.ee\/wp-content\/uploads\/2023\/12\/klapptoolide-muuk.jpg\",\"contentUrl\":\"https:\/\/zown.ee\/wp-content\/uploads\/2023\/12\/klapptoolide-muuk.jpg\",\"width\":1181,\"height\":1302},{\"@type\":\"BreadcrumbList\",\"@id\":\"https:\/\/zown.ee\/fi\/toode\/klapptool-norman\/#breadcrumb\",\"itemListElement\":[{\"@type\":\"ListItem\",\"position\":1,\"name\":\"Home\",\"item\":\"https:\/\/zown.ee\/fi\/\"},{\"@type\":\"ListItem\",\"position\":2,\"name\":\"Zown Collection\",\"item\":\"https:\/\/zown.ee\/fi\/zown-collection\/\"},{\"@type\":\"ListItem\",\"position\":3,\"name\":\"Klapptool Norman\"}]},{\"@type\":\"WebSite\",\"@id\":\"https:\/\/zown.ee\/fi\/#website\",\"url\":\"https:\/\/zown.ee\/fi\/\",\"name\":\"Zown.ee\",\"description\":\"Premium klassi kokkupandav m\u00f6\u00f6bel\",\"potentialAction\":[{\"@type\":\"SearchAction\",\"target\":{\"@type\":\"EntryPoint\",\"urlTemplate\":\"https:\/\/zown.ee\/fi\/?s={search_term_string}\"},\"query-input\":\"required name=search_term_string\"}],\"inLanguage\":\"fi\"}]}<\/script>\n<!-- \/ Yoast SEO plugin. -->","yoast_head_json":{"title":"Klapptool Norman - Zown.ee","robots":{"index":"index","follow":"follow","max-snippet":"max-snippet:-1","max-image-preview":"max-image-preview:large","max-video-preview":"max-video-preview:-1"},"canonical":"https:\/\/zown.ee\/fi\/toode\/klapptool-norman\/","og_locale":"fi_FI","og_type":"article","og_title":"Klapptool Norman - Zown.ee","og_description":"Vali kvaliteet, mis kestab!  Zown Norman klapptool  Mugav klapptool on ehitatud inimese keha j\u00e4rgi  See kokkupandav tool on \u00e4\u00e4rmiselt tugeva ehitusega ning vastupidav  Kandev\u00f5ime 272 kg  Garantii 5 aastat!  Kaal: 4,8 kg  N\u00f5gus seljatugi ja jalgu toetav istumisplaat muudavad toolil istumise \u00e4\u00e4rmiselt mugavaks  Seljatoel paiknev k\u00e4epide h\u00f5lbustab transportimist  N\u00f5gus plaat juhib vihmavee maha, mist\u00f5ttu ei j\u00e4\u00e4 plaadile loiku  Klapptool on \u00e4\u00e4rmiselt tugeva ehitusega ning vastupidav, kuna plaadi paksus on 5cm (2 korda rohkem kui tavalisel Hiina p\u00e4ritoluga klapptoolil)  Pakendi m\u00f5\u00f5tmed: 115 x 49 x 32 cm  Pakendi kaal: 24kg","og_url":"https:\/\/zown.ee\/fi\/toode\/klapptool-norman\/","og_site_name":"Zown.ee","article_modified_time":"2024-02-26T10:59:47+00:00","og_image":[{"width":1181,"height":1302,"url":"https:\/\/zown.ee\/wp-content\/uploads\/2023\/12\/klapptoolide-muuk.jpg","type":"image\/jpeg"}],"twitter_card":"summary_large_image","twitter_misc":{"Arvioitu lukuaika":"1 minuutti"},"schema":{"@context":"https:\/\/schema.org","@graph":[{"@type":"WebPage","@id":"https:\/\/zown.ee\/fi\/toode\/klapptool-norman\/","url":"https:\/\/zown.ee\/fi\/toode\/klapptool-norman\/","name":"Klapptool Norman - Zown.ee","isPartOf":{"@id":"https:\/\/zown.ee\/fi\/#website"},"primaryImageOfPage":{"@id":"https:\/\/zown.ee\/fi\/toode\/klapptool-norman\/#primaryimage"},"image":{"@id":"https:\/\/zown.ee\/fi\/toode\/klapptool-norman\/#primaryimage"},"thumbnailUrl":"https:\/\/zown.ee\/wp-content\/uploads\/2023\/12\/klapptoolide-muuk.jpg","datePublished":"2023-12-28T09:17:56+00:00","dateModified":"2024-02-26T10:59:47+00:00","breadcrumb":{"@id":"https:\/\/zown.ee\/fi\/toode\/klapptool-norman\/#breadcrumb"},"inLanguage":"fi","potentialAction":[{"@type":"ReadAction","target":["https:\/\/zown.ee\/fi\/toode\/klapptool-norman\/"]}]},{"@type":"ImageObject","inLanguage":"fi","@id":"https:\/\/zown.ee\/fi\/toode\/klapptool-norman\/#primaryimage","url":"https:\/\/zown.ee\/wp-content\/uploads\/2023\/12\/klapptoolide-muuk.jpg","contentUrl":"https:\/\/zown.ee\/wp-content\/uploads\/2023\/12\/klapptoolide-muuk.jpg","width":1181,"height":1302},{"@type":"BreadcrumbList","@id":"https:\/\/zown.ee\/fi\/toode\/klapptool-norman\/#breadcrumb","itemListElement":[{"@type":"ListItem","position":1,"name":"Home","item":"https:\/\/zown.ee\/fi\/"},{"@type":"ListItem","position":2,"name":"Zown Collection","item":"https:\/\/zown.ee\/fi\/zown-collection\/"},{"@type":"ListItem","position":3,"name":"Klapptool Norman"}]},{"@type":"WebSite","@id":"https:\/\/zown.ee\/fi\/#website","url":"https:\/\/zown.ee\/fi\/","name":"Zown.ee","description":"Premium klassi kokkupandav m\u00f6\u00f6bel","potentialAction":[{"@type":"SearchAction","target":{"@type":"EntryPoint","urlTemplate":"https:\/\/zown.ee\/fi\/?s={search_term_string}"},"query-input":"required name=search_term_string"}],"inLanguage":"fi"}]}},"jetpack_sharing_enabled":true,"_links":{"self":[{"href":"https:\/\/zown.ee\/fi\/wp-json\/wp\/v2\/product\/1110"}],"collection":[{"href":"https:\/\/zown.ee\/fi\/wp-json\/wp\/v2\/product"}],"about":[{"href":"https:\/\/zown.ee\/fi\/wp-json\/wp\/v2\/types\/product"}],"wp:featuredmedia":[{"embeddable":true,"href":"https:\/\/zown.ee\/fi\/wp-json\/wp\/v2\/media\/1208"}],"wp:attachment":[{"href":"https:\/\/zown.ee\/fi\/wp-json\/wp\/v2\/media?parent=1110"}],"wp:term":[{"taxonomy":"product_cat","embeddable":true,"href":"https:\/\/zown.ee\/fi\/wp-json\/wp\/v2\/product_cat?post=1110"},{"taxonomy":"product_tag","embeddable":true,"href":"https:\/\/zown.ee\/fi\/wp-json\/wp\/v2\/product_tag?post=1110"}],"curies":[{"name":"wp","href":"https:\/\/api.w.org\/{rel}","templated":true}]}}