{"id":1114,"date":"2023-12-28T11:17:56","date_gmt":"2023-12-28T09:17:56","guid":{"rendered":"https:\/\/zown.ee\/?post_type=product&#038;p=1114"},"modified":"2024-01-31T14:47:16","modified_gmt":"2024-01-31T12:47:16","slug":"zown-kokkupandav-laud-152x76","status":"publish","type":"product","link":"https:\/\/zown.ee\/fi\/toode\/zown-kokkupandav-laud-152x76\/","title":{"rendered":"Zown kokkupandav laud 152&#215;76"},"content":{"rendered":"","protected":false},"excerpt":{"rendered":"<ul>\n<li>Zown XL150 Kokkupandav laud<\/li>\n<li>Laua m\u00f5\u00f5tmed: 152 x 76 x h74 cm<\/li>\n<li>Pakendi m\u00f5\u00f5dud: 155 x 78 x 6,4 cm<\/li>\n<li>Kaal: 14kg<\/li>\n<li>Kandev\u00f5ime 317 kg<\/li>\n<li>Mahutavus 4 inimest<\/li>\n<li>Materjal: HDPE &#8211; kvaliteetne puhas pol\u00fcet\u00fcleen kaitseb lauda vigastuste eest<\/li>\n<li>Raam: Terasest<\/li>\n<li>Garantii 10 aastat<\/li>\n<\/ul>\n","protected":false},"featured_media":1221,"template":"","meta":[],"product_cat":[19,48],"product_tag":[],"class_list":{"0":"post-1114","1":"product","2":"type-product","3":"status-publish","4":"has-post-thumbnail","6":"product_cat-lauad","7":"product_cat-kandilised-lauad","9":"first","10":"instock","11":"sale","12":"taxable","13":"shipping-taxable","14":"product-type-simple"},"yoast_head":"<!-- This site is optimized with the Yoast SEO plugin v22.8 - https:\/\/yoast.com\/wordpress\/plugins\/seo\/ -->\n<title>Zown kokkupandav laud 152x76 - Zown.ee<\/title>\n<meta name=\"robots\" content=\"index, follow, max-snippet:-1, max-image-preview:large, max-video-preview:-1\" \/>\n<link rel=\"canonical\" href=\"https:\/\/zown.ee\/fi\/toode\/zown-kokkupandav-laud-152x76\/\" \/>\n<meta property=\"og:locale\" content=\"fi_FI\" \/>\n<meta property=\"og:type\" content=\"article\" \/>\n<meta property=\"og:title\" content=\"Zown kokkupandav laud 152x76 - Zown.ee\" \/>\n<meta property=\"og:description\" content=\"Zown XL150 Kokkupandav laud  Laua m\u00f5\u00f5tmed: 152 x 76 x h74 cm  Pakendi m\u00f5\u00f5dud: 155 x 78 x 6,4 cm  Kaal: 14kg  Kandev\u00f5ime 317 kg  Mahutavus 4 inimest  Materjal: HDPE - kvaliteetne puhas pol\u00fcet\u00fcleen kaitseb lauda vigastuste eest  Raam: Terasest  Garantii 10 aastat\" \/>\n<meta property=\"og:url\" content=\"https:\/\/zown.ee\/fi\/toode\/zown-kokkupandav-laud-152x76\/\" \/>\n<meta property=\"og:site_name\" content=\"Zown.ee\" \/>\n<meta property=\"article:modified_time\" content=\"2024-01-31T12:47:16+00:00\" \/>\n<meta property=\"og:image\" content=\"https:\/\/zown.ee\/wp-content\/uploads\/2023\/12\/kokkupandav-laud-152cm.jpg\" \/>\n\t<meta property=\"og:image:width\" content=\"1000\" \/>\n\t<meta property=\"og:image:height\" content=\"1000\" \/>\n\t<meta property=\"og:image:type\" content=\"image\/jpeg\" \/>\n<meta name=\"twitter:card\" content=\"summary_large_image\" \/>\n<meta name=\"twitter:label1\" content=\"Arvioitu lukuaika\" \/>\n\t<meta name=\"twitter:data1\" content=\"1 minuutti\" \/>\n<script type=\"application\/ld+json\" class=\"yoast-schema-graph\">{\"@context\":\"https:\/\/schema.org\",\"@graph\":[{\"@type\":\"WebPage\",\"@id\":\"https:\/\/zown.ee\/fi\/toode\/zown-kokkupandav-laud-152x76\/\",\"url\":\"https:\/\/zown.ee\/fi\/toode\/zown-kokkupandav-laud-152x76\/\",\"name\":\"Zown kokkupandav laud 152x76 - Zown.ee\",\"isPartOf\":{\"@id\":\"https:\/\/zown.ee\/fi\/#website\"},\"primaryImageOfPage\":{\"@id\":\"https:\/\/zown.ee\/fi\/toode\/zown-kokkupandav-laud-152x76\/#primaryimage\"},\"image\":{\"@id\":\"https:\/\/zown.ee\/fi\/toode\/zown-kokkupandav-laud-152x76\/#primaryimage\"},\"thumbnailUrl\":\"https:\/\/zown.ee\/wp-content\/uploads\/2023\/12\/kokkupandav-laud-152cm.jpg\",\"datePublished\":\"2023-12-28T09:17:56+00:00\",\"dateModified\":\"2024-01-31T12:47:16+00:00\",\"breadcrumb\":{\"@id\":\"https:\/\/zown.ee\/fi\/toode\/zown-kokkupandav-laud-152x76\/#breadcrumb\"},\"inLanguage\":\"fi\",\"potentialAction\":[{\"@type\":\"ReadAction\",\"target\":[\"https:\/\/zown.ee\/fi\/toode\/zown-kokkupandav-laud-152x76\/\"]}]},{\"@type\":\"ImageObject\",\"inLanguage\":\"fi\",\"@id\":\"https:\/\/zown.ee\/fi\/toode\/zown-kokkupandav-laud-152x76\/#primaryimage\",\"url\":\"https:\/\/zown.ee\/wp-content\/uploads\/2023\/12\/kokkupandav-laud-152cm.jpg\",\"contentUrl\":\"https:\/\/zown.ee\/wp-content\/uploads\/2023\/12\/kokkupandav-laud-152cm.jpg\",\"width\":1000,\"height\":1000},{\"@type\":\"BreadcrumbList\",\"@id\":\"https:\/\/zown.ee\/fi\/toode\/zown-kokkupandav-laud-152x76\/#breadcrumb\",\"itemListElement\":[{\"@type\":\"ListItem\",\"position\":1,\"name\":\"Home\",\"item\":\"https:\/\/zown.ee\/fi\/\"},{\"@type\":\"ListItem\",\"position\":2,\"name\":\"Zown Collection\",\"item\":\"https:\/\/zown.ee\/fi\/zown-collection\/\"},{\"@type\":\"ListItem\",\"position\":3,\"name\":\"Zown kokkupandav laud 152&#215;76\"}]},{\"@type\":\"WebSite\",\"@id\":\"https:\/\/zown.ee\/fi\/#website\",\"url\":\"https:\/\/zown.ee\/fi\/\",\"name\":\"Zown.ee\",\"description\":\"Premium klassi kokkupandav m\u00f6\u00f6bel\",\"potentialAction\":[{\"@type\":\"SearchAction\",\"target\":{\"@type\":\"EntryPoint\",\"urlTemplate\":\"https:\/\/zown.ee\/fi\/?s={search_term_string}\"},\"query-input\":\"required name=search_term_string\"}],\"inLanguage\":\"fi\"}]}<\/script>\n<!-- \/ Yoast SEO plugin. -->","yoast_head_json":{"title":"Zown kokkupandav laud 152x76 - Zown.ee","robots":{"index":"index","follow":"follow","max-snippet":"max-snippet:-1","max-image-preview":"max-image-preview:large","max-video-preview":"max-video-preview:-1"},"canonical":"https:\/\/zown.ee\/fi\/toode\/zown-kokkupandav-laud-152x76\/","og_locale":"fi_FI","og_type":"article","og_title":"Zown kokkupandav laud 152x76 - Zown.ee","og_description":"Zown XL150 Kokkupandav laud  Laua m\u00f5\u00f5tmed: 152 x 76 x h74 cm  Pakendi m\u00f5\u00f5dud: 155 x 78 x 6,4 cm  Kaal: 14kg  Kandev\u00f5ime 317 kg  Mahutavus 4 inimest  Materjal: HDPE - kvaliteetne puhas pol\u00fcet\u00fcleen kaitseb lauda vigastuste eest  Raam: Terasest  Garantii 10 aastat","og_url":"https:\/\/zown.ee\/fi\/toode\/zown-kokkupandav-laud-152x76\/","og_site_name":"Zown.ee","article_modified_time":"2024-01-31T12:47:16+00:00","og_image":[{"width":1000,"height":1000,"url":"https:\/\/zown.ee\/wp-content\/uploads\/2023\/12\/kokkupandav-laud-152cm.jpg","type":"image\/jpeg"}],"twitter_card":"summary_large_image","twitter_misc":{"Arvioitu lukuaika":"1 minuutti"},"schema":{"@context":"https:\/\/schema.org","@graph":[{"@type":"WebPage","@id":"https:\/\/zown.ee\/fi\/toode\/zown-kokkupandav-laud-152x76\/","url":"https:\/\/zown.ee\/fi\/toode\/zown-kokkupandav-laud-152x76\/","name":"Zown kokkupandav laud 152x76 - Zown.ee","isPartOf":{"@id":"https:\/\/zown.ee\/fi\/#website"},"primaryImageOfPage":{"@id":"https:\/\/zown.ee\/fi\/toode\/zown-kokkupandav-laud-152x76\/#primaryimage"},"image":{"@id":"https:\/\/zown.ee\/fi\/toode\/zown-kokkupandav-laud-152x76\/#primaryimage"},"thumbnailUrl":"https:\/\/zown.ee\/wp-content\/uploads\/2023\/12\/kokkupandav-laud-152cm.jpg","datePublished":"2023-12-28T09:17:56+00:00","dateModified":"2024-01-31T12:47:16+00:00","breadcrumb":{"@id":"https:\/\/zown.ee\/fi\/toode\/zown-kokkupandav-laud-152x76\/#breadcrumb"},"inLanguage":"fi","potentialAction":[{"@type":"ReadAction","target":["https:\/\/zown.ee\/fi\/toode\/zown-kokkupandav-laud-152x76\/"]}]},{"@type":"ImageObject","inLanguage":"fi","@id":"https:\/\/zown.ee\/fi\/toode\/zown-kokkupandav-laud-152x76\/#primaryimage","url":"https:\/\/zown.ee\/wp-content\/uploads\/2023\/12\/kokkupandav-laud-152cm.jpg","contentUrl":"https:\/\/zown.ee\/wp-content\/uploads\/2023\/12\/kokkupandav-laud-152cm.jpg","width":1000,"height":1000},{"@type":"BreadcrumbList","@id":"https:\/\/zown.ee\/fi\/toode\/zown-kokkupandav-laud-152x76\/#breadcrumb","itemListElement":[{"@type":"ListItem","position":1,"name":"Home","item":"https:\/\/zown.ee\/fi\/"},{"@type":"ListItem","position":2,"name":"Zown Collection","item":"https:\/\/zown.ee\/fi\/zown-collection\/"},{"@type":"ListItem","position":3,"name":"Zown kokkupandav laud 152&#215;76"}]},{"@type":"WebSite","@id":"https:\/\/zown.ee\/fi\/#website","url":"https:\/\/zown.ee\/fi\/","name":"Zown.ee","description":"Premium klassi kokkupandav m\u00f6\u00f6bel","potentialAction":[{"@type":"SearchAction","target":{"@type":"EntryPoint","urlTemplate":"https:\/\/zown.ee\/fi\/?s={search_term_string}"},"query-input":"required name=search_term_string"}],"inLanguage":"fi"}]}},"jetpack_sharing_enabled":true,"_links":{"self":[{"href":"https:\/\/zown.ee\/fi\/wp-json\/wp\/v2\/product\/1114"}],"collection":[{"href":"https:\/\/zown.ee\/fi\/wp-json\/wp\/v2\/product"}],"about":[{"href":"https:\/\/zown.ee\/fi\/wp-json\/wp\/v2\/types\/product"}],"wp:featuredmedia":[{"embeddable":true,"href":"https:\/\/zown.ee\/fi\/wp-json\/wp\/v2\/media\/1221"}],"wp:attachment":[{"href":"https:\/\/zown.ee\/fi\/wp-json\/wp\/v2\/media?parent=1114"}],"wp:term":[{"taxonomy":"product_cat","embeddable":true,"href":"https:\/\/zown.ee\/fi\/wp-json\/wp\/v2\/product_cat?post=1114"},{"taxonomy":"product_tag","embeddable":true,"href":"https:\/\/zown.ee\/fi\/wp-json\/wp\/v2\/product_tag?post=1114"}],"curies":[{"name":"wp","href":"https:\/\/api.w.org\/{rel}","templated":true}]}}