{"id":1159,"date":"2023-12-28T11:18:27","date_gmt":"2023-12-28T09:18:27","guid":{"rendered":"https:\/\/zown.ee\/?post_type=product&#038;p=1159"},"modified":"2024-01-31T13:52:13","modified_gmt":"2024-01-31T11:52:13","slug":"zown-kokkupandav-laud-183x91","status":"publish","type":"product","link":"https:\/\/zown.ee\/fi\/toode\/zown-kokkupandav-laud-183x91\/","title":{"rendered":"Zown kokkupandav laud 183\u00d791"},"content":{"rendered":"","protected":false},"excerpt":{"rendered":"<ul>\n<li>Zown XXL180 Kokkupandav laud<\/li>\n<li>Laua m\u00f5\u00f5tmed: 183 x 91 x h74 cm<\/li>\n<li>Pakendi m\u00f5\u00f5dud: 184,5 x 92,5 x 8 cm<\/li>\n<li>Kaal: 17kg<\/li>\n<li><strong>Kandev\u00f5ime 408 kg<\/strong><\/li>\n<li>Mahutavus 4-6 inimest<\/li>\n<li>Materjal: HDPE \u2013 kvaliteetne puhas pol\u00fcet\u00fcleen kaitseb lauda vigastuste eest<\/li>\n<li>Raam: Terasest<\/li>\n<li>Garantii 10 aastat<\/li>\n<\/ul>\n","protected":false},"featured_media":1249,"template":"","meta":[],"product_cat":[19,48],"product_tag":[],"class_list":{"0":"post-1159","1":"product","2":"type-product","3":"status-publish","4":"has-post-thumbnail","6":"product_cat-lauad","7":"product_cat-kandilised-lauad","9":"first","10":"instock","11":"sale","12":"taxable","13":"shipping-taxable","14":"product-type-simple"},"yoast_head":"<!-- This site is optimized with the Yoast SEO plugin v22.8 - https:\/\/yoast.com\/wordpress\/plugins\/seo\/ -->\n<title>Zown kokkupandav laud 183\u00d791 - Zown.ee<\/title>\n<meta name=\"robots\" content=\"index, follow, max-snippet:-1, max-image-preview:large, max-video-preview:-1\" \/>\n<link rel=\"canonical\" href=\"https:\/\/zown.ee\/fi\/toode\/zown-kokkupandav-laud-183x91\/\" \/>\n<meta property=\"og:locale\" content=\"fi_FI\" \/>\n<meta property=\"og:type\" content=\"article\" \/>\n<meta property=\"og:title\" content=\"Zown kokkupandav laud 183\u00d791 - Zown.ee\" \/>\n<meta property=\"og:description\" content=\"Zown XXL180 Kokkupandav laud  Laua m\u00f5\u00f5tmed: 183 x 91 x h74 cm  Pakendi m\u00f5\u00f5dud: 184,5 x 92,5 x 8 cm  Kaal: 17kg  Kandev\u00f5ime 408 kg  Mahutavus 4-6 inimest  Materjal: HDPE \u2013 kvaliteetne puhas pol\u00fcet\u00fcleen kaitseb lauda vigastuste eest  Raam: Terasest  Garantii 10 aastat\" \/>\n<meta property=\"og:url\" content=\"https:\/\/zown.ee\/fi\/toode\/zown-kokkupandav-laud-183x91\/\" \/>\n<meta property=\"og:site_name\" content=\"Zown.ee\" \/>\n<meta property=\"article:modified_time\" content=\"2024-01-31T11:52:13+00:00\" \/>\n<meta property=\"og:image\" content=\"https:\/\/zown.ee\/wp-content\/uploads\/2023\/12\/xxl180-nc1.jpg\" \/>\n\t<meta property=\"og:image:width\" content=\"1400\" \/>\n\t<meta property=\"og:image:height\" content=\"1090\" \/>\n\t<meta property=\"og:image:type\" content=\"image\/jpeg\" \/>\n<meta name=\"twitter:card\" content=\"summary_large_image\" \/>\n<meta name=\"twitter:label1\" content=\"Arvioitu lukuaika\" \/>\n\t<meta name=\"twitter:data1\" content=\"1 minuutti\" \/>\n<script type=\"application\/ld+json\" class=\"yoast-schema-graph\">{\"@context\":\"https:\/\/schema.org\",\"@graph\":[{\"@type\":\"WebPage\",\"@id\":\"https:\/\/zown.ee\/fi\/toode\/zown-kokkupandav-laud-183x91\/\",\"url\":\"https:\/\/zown.ee\/fi\/toode\/zown-kokkupandav-laud-183x91\/\",\"name\":\"Zown kokkupandav laud 183\u00d791 - Zown.ee\",\"isPartOf\":{\"@id\":\"https:\/\/zown.ee\/fi\/#website\"},\"primaryImageOfPage\":{\"@id\":\"https:\/\/zown.ee\/fi\/toode\/zown-kokkupandav-laud-183x91\/#primaryimage\"},\"image\":{\"@id\":\"https:\/\/zown.ee\/fi\/toode\/zown-kokkupandav-laud-183x91\/#primaryimage\"},\"thumbnailUrl\":\"https:\/\/zown.ee\/wp-content\/uploads\/2023\/12\/xxl180-nc1.jpg\",\"datePublished\":\"2023-12-28T09:18:27+00:00\",\"dateModified\":\"2024-01-31T11:52:13+00:00\",\"breadcrumb\":{\"@id\":\"https:\/\/zown.ee\/fi\/toode\/zown-kokkupandav-laud-183x91\/#breadcrumb\"},\"inLanguage\":\"fi\",\"potentialAction\":[{\"@type\":\"ReadAction\",\"target\":[\"https:\/\/zown.ee\/fi\/toode\/zown-kokkupandav-laud-183x91\/\"]}]},{\"@type\":\"ImageObject\",\"inLanguage\":\"fi\",\"@id\":\"https:\/\/zown.ee\/fi\/toode\/zown-kokkupandav-laud-183x91\/#primaryimage\",\"url\":\"https:\/\/zown.ee\/wp-content\/uploads\/2023\/12\/xxl180-nc1.jpg\",\"contentUrl\":\"https:\/\/zown.ee\/wp-content\/uploads\/2023\/12\/xxl180-nc1.jpg\",\"width\":1400,\"height\":1090},{\"@type\":\"BreadcrumbList\",\"@id\":\"https:\/\/zown.ee\/fi\/toode\/zown-kokkupandav-laud-183x91\/#breadcrumb\",\"itemListElement\":[{\"@type\":\"ListItem\",\"position\":1,\"name\":\"Home\",\"item\":\"https:\/\/zown.ee\/fi\/\"},{\"@type\":\"ListItem\",\"position\":2,\"name\":\"Zown Collection\",\"item\":\"https:\/\/zown.ee\/fi\/zown-collection\/\"},{\"@type\":\"ListItem\",\"position\":3,\"name\":\"Zown kokkupandav laud 183\u00d791\"}]},{\"@type\":\"WebSite\",\"@id\":\"https:\/\/zown.ee\/fi\/#website\",\"url\":\"https:\/\/zown.ee\/fi\/\",\"name\":\"Zown.ee\",\"description\":\"Premium klassi kokkupandav m\u00f6\u00f6bel\",\"potentialAction\":[{\"@type\":\"SearchAction\",\"target\":{\"@type\":\"EntryPoint\",\"urlTemplate\":\"https:\/\/zown.ee\/fi\/?s={search_term_string}\"},\"query-input\":\"required name=search_term_string\"}],\"inLanguage\":\"fi\"}]}<\/script>\n<!-- \/ Yoast SEO plugin. -->","yoast_head_json":{"title":"Zown kokkupandav laud 183\u00d791 - Zown.ee","robots":{"index":"index","follow":"follow","max-snippet":"max-snippet:-1","max-image-preview":"max-image-preview:large","max-video-preview":"max-video-preview:-1"},"canonical":"https:\/\/zown.ee\/fi\/toode\/zown-kokkupandav-laud-183x91\/","og_locale":"fi_FI","og_type":"article","og_title":"Zown kokkupandav laud 183\u00d791 - Zown.ee","og_description":"Zown XXL180 Kokkupandav laud  Laua m\u00f5\u00f5tmed: 183 x 91 x h74 cm  Pakendi m\u00f5\u00f5dud: 184,5 x 92,5 x 8 cm  Kaal: 17kg  Kandev\u00f5ime 408 kg  Mahutavus 4-6 inimest  Materjal: HDPE \u2013 kvaliteetne puhas pol\u00fcet\u00fcleen kaitseb lauda vigastuste eest  Raam: Terasest  Garantii 10 aastat","og_url":"https:\/\/zown.ee\/fi\/toode\/zown-kokkupandav-laud-183x91\/","og_site_name":"Zown.ee","article_modified_time":"2024-01-31T11:52:13+00:00","og_image":[{"width":1400,"height":1090,"url":"https:\/\/zown.ee\/wp-content\/uploads\/2023\/12\/xxl180-nc1.jpg","type":"image\/jpeg"}],"twitter_card":"summary_large_image","twitter_misc":{"Arvioitu lukuaika":"1 minuutti"},"schema":{"@context":"https:\/\/schema.org","@graph":[{"@type":"WebPage","@id":"https:\/\/zown.ee\/fi\/toode\/zown-kokkupandav-laud-183x91\/","url":"https:\/\/zown.ee\/fi\/toode\/zown-kokkupandav-laud-183x91\/","name":"Zown kokkupandav laud 183\u00d791 - Zown.ee","isPartOf":{"@id":"https:\/\/zown.ee\/fi\/#website"},"primaryImageOfPage":{"@id":"https:\/\/zown.ee\/fi\/toode\/zown-kokkupandav-laud-183x91\/#primaryimage"},"image":{"@id":"https:\/\/zown.ee\/fi\/toode\/zown-kokkupandav-laud-183x91\/#primaryimage"},"thumbnailUrl":"https:\/\/zown.ee\/wp-content\/uploads\/2023\/12\/xxl180-nc1.jpg","datePublished":"2023-12-28T09:18:27+00:00","dateModified":"2024-01-31T11:52:13+00:00","breadcrumb":{"@id":"https:\/\/zown.ee\/fi\/toode\/zown-kokkupandav-laud-183x91\/#breadcrumb"},"inLanguage":"fi","potentialAction":[{"@type":"ReadAction","target":["https:\/\/zown.ee\/fi\/toode\/zown-kokkupandav-laud-183x91\/"]}]},{"@type":"ImageObject","inLanguage":"fi","@id":"https:\/\/zown.ee\/fi\/toode\/zown-kokkupandav-laud-183x91\/#primaryimage","url":"https:\/\/zown.ee\/wp-content\/uploads\/2023\/12\/xxl180-nc1.jpg","contentUrl":"https:\/\/zown.ee\/wp-content\/uploads\/2023\/12\/xxl180-nc1.jpg","width":1400,"height":1090},{"@type":"BreadcrumbList","@id":"https:\/\/zown.ee\/fi\/toode\/zown-kokkupandav-laud-183x91\/#breadcrumb","itemListElement":[{"@type":"ListItem","position":1,"name":"Home","item":"https:\/\/zown.ee\/fi\/"},{"@type":"ListItem","position":2,"name":"Zown Collection","item":"https:\/\/zown.ee\/fi\/zown-collection\/"},{"@type":"ListItem","position":3,"name":"Zown kokkupandav laud 183\u00d791"}]},{"@type":"WebSite","@id":"https:\/\/zown.ee\/fi\/#website","url":"https:\/\/zown.ee\/fi\/","name":"Zown.ee","description":"Premium klassi kokkupandav m\u00f6\u00f6bel","potentialAction":[{"@type":"SearchAction","target":{"@type":"EntryPoint","urlTemplate":"https:\/\/zown.ee\/fi\/?s={search_term_string}"},"query-input":"required name=search_term_string"}],"inLanguage":"fi"}]}},"jetpack_sharing_enabled":true,"_links":{"self":[{"href":"https:\/\/zown.ee\/fi\/wp-json\/wp\/v2\/product\/1159"}],"collection":[{"href":"https:\/\/zown.ee\/fi\/wp-json\/wp\/v2\/product"}],"about":[{"href":"https:\/\/zown.ee\/fi\/wp-json\/wp\/v2\/types\/product"}],"wp:featuredmedia":[{"embeddable":true,"href":"https:\/\/zown.ee\/fi\/wp-json\/wp\/v2\/media\/1249"}],"wp:attachment":[{"href":"https:\/\/zown.ee\/fi\/wp-json\/wp\/v2\/media?parent=1159"}],"wp:term":[{"taxonomy":"product_cat","embeddable":true,"href":"https:\/\/zown.ee\/fi\/wp-json\/wp\/v2\/product_cat?post=1159"},{"taxonomy":"product_tag","embeddable":true,"href":"https:\/\/zown.ee\/fi\/wp-json\/wp\/v2\/product_tag?post=1159"}],"curies":[{"name":"wp","href":"https:\/\/api.w.org\/{rel}","templated":true}]}}